{"id":2,"date":"2025-04-10T16:52:19","date_gmt":"2025-04-10T14:52:19","guid":{"rendered":"http:\/\/www.eric-alonso.fr\/?page_id=2"},"modified":"2025-04-12T19:30:43","modified_gmt":"2025-04-12T17:30:43","slug":"accueil","status":"publish","type":"page","link":"https:\/\/www.eric-alonso.fr\/","title":{"rendered":"Accueil"},"content":{"rendered":"\n<p>Bonjour \u00e0 tous et bienvenue dans mon univers !<br><br>Vous \u00eates sur le point de d\u00e9couvrir un voyage litt\u00e9raire comme aucun autre !\u00a0<img decoding=\"async\" height=\"16\" width=\"16\" src=\"https:\/\/static.xx.fbcdn.net\/images\/emoji.php\/v9\/tf4\/1\/16\/2728.png\" alt=\"\u2728\">\u00a0Depuis des ann\u00e9es, je suis litt\u00e9ralement \u00ab\u00a0obs\u00e9d\u00e9\u00a0\u00bb par l\u2019\u00e9criture. J\u2019ai plus de dix projets d\u00e9j\u00e0 bien structur\u00e9s, et enfin, le moment est venu de partager avec vous mes toutes premi\u00e8res publications !\u00a0<img decoding=\"async\" height=\"16\" width=\"16\" src=\"https:\/\/static.xx.fbcdn.net\/images\/emoji.php\/v9\/t8c\/1\/16\/1f389.png\" alt=\"\ud83c\udf89\"><br><br>Dans deux mois, mes deux premiers romans seront entre vos mains, et je suis en pleine effervescence ! Les manuscrits sont boucl\u00e9s, la relecture touche \u00e0 sa fin, et tr\u00e8s bient\u00f4t, je vous r\u00e9v\u00e9lerai les couvertures&#8230;<br>Mais ce n&rsquo;est pas tout ! Vous aurez aussi droit aux descriptions des histoires et aux quatri\u00e8mes de couverture, pour plonger directement dans l&rsquo;univers de chaque livre.\u00a0<img decoding=\"async\" height=\"16\" width=\"16\" src=\"https:\/\/static.xx.fbcdn.net\/images\/emoji.php\/v9\/tc6\/1\/16\/1f680.png\" alt=\"\ud83d\ude80\"><br><br>Mon premier roman est une \u00ab\u00a0romance contemporaine\u00a0\u00bb, un m\u00e9lange parfait entre amour et d\u00e9veloppement personnel. Pr\u00e9parez-vous \u00e0 une exp\u00e9rience \u00e9motive et inspirante !<br>Quant au deuxi\u00e8me, c\u2019est un \u00ab\u00a0thriller psychologique palpitant\u00a0\u00bb, m\u00eal\u00e9 \u00e0 une aventure intense sur les sentiers escarp\u00e9s du GR20 en Corse. Drame familial et suspense garanti !\u00a0<img loading=\"lazy\" decoding=\"async\" height=\"16\" width=\"16\" src=\"https:\/\/static.xx.fbcdn.net\/images\/emoji.php\/v9\/t50\/1\/16\/1f525.png\" alt=\"\ud83d\udd25\"><br><br>Et ce n&rsquo;est que le d\u00e9but ! Chaque jour, une nouvelle id\u00e9e de roman surgit dans mon esprit, et j\u2019ai d\u00e9j\u00e0 une vingtaine de projets qui bouillonnent, dans des genres totalement diff\u00e9rents.\u00a0<img loading=\"lazy\" decoding=\"async\" height=\"16\" width=\"16\" src=\"https:\/\/static.xx.fbcdn.net\/images\/emoji.php\/v9\/t2d\/1\/16\/1f3ac.png\" alt=\"\ud83c\udfac\"><br><br>Je partagerai ici r\u00e9guli\u00e8rement mes ouvrages, mes inspirations, mes voyages, et tout ce qui me pousse \u00e0 cr\u00e9er. Alors, accrochez-vous bien, parce que cette aventure ne fait que commencer, et je vous embarque avec moi !\u00a0<img loading=\"lazy\" decoding=\"async\" height=\"16\" width=\"16\" src=\"https:\/\/static.xx.fbcdn.net\/images\/emoji.php\/v9\/t40\/1\/16\/1f4a5.png\" alt=\"\ud83d\udca5\"><br><br>Merci \u00e0 tous pour votre soutien, votre enthousiasme et votre \u00e9nergie !\u00a0<img loading=\"lazy\" decoding=\"async\" height=\"16\" width=\"16\" src=\"https:\/\/static.xx.fbcdn.net\/images\/emoji.php\/v9\/tfd\/1\/16\/1f64c.png\" alt=\"\ud83d\ude4c\">\u00a0On se lance ensemble dans une aventure litt\u00e9raire inoubliable !\u00a0<\/p>\n\n\n\n<p><\/p>\n","protected":false},"excerpt":{"rendered":"<p>Bonjour \u00e0 tous et bienvenue dans mon univers ! Vous \u00eates sur le point de d\u00e9couvrir un voyage litt\u00e9raire comme aucun autre !\u00a0\u00a0Depuis des ann\u00e9es, je suis litt\u00e9ralement \u00ab\u00a0obs\u00e9d\u00e9\u00a0\u00bb par l\u2019\u00e9criture. J\u2019ai plus de dix projets d\u00e9j\u00e0 bien structur\u00e9s, et enfin, le moment est venu de partager avec vous mes toutes premi\u00e8res publications !\u00a0 Dans deux mois, mes deux premiers romans seront entre vos mains, et je suis en pleine effervescence ! Les manuscrits sont boucl\u00e9s, la relecture touche \u00e0 sa fin, et tr\u00e8s bient\u00f4t, je vous r\u00e9v\u00e9lerai les couvertures&#8230;Mais ce n&rsquo;est pas tout ! Vous aurez aussi droit aux descriptions des histoires et aux quatri\u00e8mes de couverture, pour plonger directement dans l&rsquo;univers de chaque livre.\u00a0 Mon premier roman est une \u00ab\u00a0romance contemporaine\u00a0\u00bb, un m\u00e9lange parfait entre amour et d\u00e9veloppement personnel. Pr\u00e9parez-vous \u00e0 une exp\u00e9rience \u00e9motive et inspirante !Quant au deuxi\u00e8me, c\u2019est un \u00ab\u00a0thriller psychologique palpitant\u00a0\u00bb, m\u00eal\u00e9 \u00e0 une aventure intense sur les sentiers escarp\u00e9s du GR20 en Corse. Drame familial et suspense garanti !\u00a0 Et ce n&rsquo;est que le d\u00e9but ! Chaque jour, une nouvelle id\u00e9e de roman surgit dans mon esprit, et j\u2019ai d\u00e9j\u00e0 une vingtaine de projets qui bouillonnent, dans des genres totalement diff\u00e9rents.\u00a0 Je partagerai ici r\u00e9guli\u00e8rement mes ouvrages, mes inspirations, mes voyages, et tout ce qui me pousse \u00e0 cr\u00e9er. Alors, accrochez-vous bien, parce que cette aventure ne fait que commencer, et je vous embarque avec moi !\u00a0 Merci \u00e0 tous pour votre soutien, votre enthousiasme et votre \u00e9nergie !\u00a0\u00a0On se lance ensemble dans une aventure litt\u00e9raire inoubliable !\u00a0<\/p>\n","protected":false},"author":1,"featured_media":448,"parent":0,"menu_order":0,"comment_status":"closed","ping_status":"closed","template":"","meta":{"footnotes":""},"class_list":["post-2","page","type-page","status-publish","has-post-thumbnail","hentry"],"yoast_head":"<!-- This site is optimized with the Yoast SEO plugin v27.6 - https:\/\/yoast.com\/product\/yoast-seo-wordpress\/ -->\n<title>Accueil - Eric<\/title>\n<meta name=\"robots\" content=\"index, follow, max-snippet:-1, max-image-preview:large, max-video-preview:-1\" \/>\n<link rel=\"canonical\" href=\"https:\/\/www.eric-alonso.fr\/\" \/>\n<meta property=\"og:locale\" content=\"fr_FR\" \/>\n<meta property=\"og:type\" content=\"article\" \/>\n<meta property=\"og:title\" content=\"Accueil - Eric\" \/>\n<meta property=\"og:description\" content=\"Bonjour \u00e0 tous et bienvenue dans mon univers ! Vous \u00eates sur le point de d\u00e9couvrir un voyage litt\u00e9raire comme aucun autre !\u00a0\u00a0Depuis des ann\u00e9es, je suis litt\u00e9ralement \u00ab\u00a0obs\u00e9d\u00e9\u00a0\u00bb par l\u2019\u00e9criture. J\u2019ai plus de dix projets d\u00e9j\u00e0 bien structur\u00e9s, et enfin, le moment est venu de partager avec vous mes toutes premi\u00e8res publications !\u00a0 Dans deux mois, mes deux premiers romans seront entre vos mains, et je suis en pleine effervescence ! Les manuscrits sont boucl\u00e9s, la relecture touche \u00e0 sa fin, et tr\u00e8s bient\u00f4t, je vous r\u00e9v\u00e9lerai les couvertures&#8230;Mais ce n&rsquo;est pas tout ! Vous aurez aussi droit aux descriptions des histoires et aux quatri\u00e8mes de couverture, pour plonger directement dans l&rsquo;univers de chaque livre.\u00a0 Mon premier roman est une \u00ab\u00a0romance contemporaine\u00a0\u00bb, un m\u00e9lange parfait entre amour et d\u00e9veloppement personnel. Pr\u00e9parez-vous \u00e0 une exp\u00e9rience \u00e9motive et inspirante !Quant au deuxi\u00e8me, c\u2019est un \u00ab\u00a0thriller psychologique palpitant\u00a0\u00bb, m\u00eal\u00e9 \u00e0 une aventure intense sur les sentiers escarp\u00e9s du GR20 en Corse. Drame familial et suspense garanti !\u00a0 Et ce n&rsquo;est que le d\u00e9but ! Chaque jour, une nouvelle id\u00e9e de roman surgit dans mon esprit, et j\u2019ai d\u00e9j\u00e0 une vingtaine de projets qui bouillonnent, dans des genres totalement diff\u00e9rents.\u00a0 Je partagerai ici r\u00e9guli\u00e8rement mes ouvrages, mes inspirations, mes voyages, et tout ce qui me pousse \u00e0 cr\u00e9er. Alors, accrochez-vous bien, parce que cette aventure ne fait que commencer, et je vous embarque avec moi !\u00a0 Merci \u00e0 tous pour votre soutien, votre enthousiasme et votre \u00e9nergie !\u00a0\u00a0On se lance ensemble dans une aventure litt\u00e9raire inoubliable !\u00a0\" \/>\n<meta property=\"og:url\" content=\"https:\/\/www.eric-alonso.fr\/\" \/>\n<meta property=\"og:site_name\" content=\"Eric\" \/>\n<meta property=\"article:modified_time\" content=\"2025-04-12T17:30:43+00:00\" \/>\n<meta property=\"og:image\" content=\"https:\/\/www.eric-alonso.fr\/wp-content\/uploads\/2024\/09\/IMG_20240606_072441-scaled.jpg\" \/>\n\t<meta property=\"og:image:width\" content=\"2560\" \/>\n\t<meta property=\"og:image:height\" content=\"1440\" \/>\n\t<meta property=\"og:image:type\" content=\"image\/jpeg\" \/>\n<meta name=\"twitter:card\" content=\"summary_large_image\" \/>\n<meta name=\"twitter:label1\" content=\"Dur\u00e9e de lecture estim\u00e9e\" \/>\n\t<meta name=\"twitter:data1\" content=\"3 minutes\" \/>\n<script type=\"application\/ld+json\" class=\"yoast-schema-graph\">{\"@context\":\"https:\\\/\\\/schema.org\",\"@graph\":[{\"@type\":\"WebPage\",\"@id\":\"https:\\\/\\\/www.eric-alonso.fr\\\/\",\"url\":\"https:\\\/\\\/www.eric-alonso.fr\\\/\",\"name\":\"Accueil - Eric\",\"isPartOf\":{\"@id\":\"https:\\\/\\\/www.eric-alonso.fr\\\/#website\"},\"primaryImageOfPage\":{\"@id\":\"https:\\\/\\\/www.eric-alonso.fr\\\/#primaryimage\"},\"image\":{\"@id\":\"https:\\\/\\\/www.eric-alonso.fr\\\/#primaryimage\"},\"thumbnailUrl\":\"https:\\\/\\\/www.eric-alonso.fr\\\/wp-content\\\/uploads\\\/2024\\\/09\\\/IMG_20240606_072441-scaled.jpg\",\"datePublished\":\"2025-04-10T14:52:19+00:00\",\"dateModified\":\"2025-04-12T17:30:43+00:00\",\"breadcrumb\":{\"@id\":\"https:\\\/\\\/www.eric-alonso.fr\\\/#breadcrumb\"},\"inLanguage\":\"fr-FR\",\"potentialAction\":[{\"@type\":\"ReadAction\",\"target\":[\"https:\\\/\\\/www.eric-alonso.fr\\\/\"]}]},{\"@type\":\"ImageObject\",\"inLanguage\":\"fr-FR\",\"@id\":\"https:\\\/\\\/www.eric-alonso.fr\\\/#primaryimage\",\"url\":\"https:\\\/\\\/www.eric-alonso.fr\\\/wp-content\\\/uploads\\\/2024\\\/09\\\/IMG_20240606_072441-scaled.jpg\",\"contentUrl\":\"https:\\\/\\\/www.eric-alonso.fr\\\/wp-content\\\/uploads\\\/2024\\\/09\\\/IMG_20240606_072441-scaled.jpg\",\"width\":2560,\"height\":1440},{\"@type\":\"BreadcrumbList\",\"@id\":\"https:\\\/\\\/www.eric-alonso.fr\\\/#breadcrumb\",\"itemListElement\":[{\"@type\":\"ListItem\",\"position\":1,\"name\":\"Accueil\",\"item\":\"https:\\\/\\\/www.eric-alonso.fr\\\/\"},{\"@type\":\"ListItem\",\"position\":2,\"name\":\"Accueil\"}]},{\"@type\":\"WebSite\",\"@id\":\"https:\\\/\\\/www.eric-alonso.fr\\\/#website\",\"url\":\"https:\\\/\\\/www.eric-alonso.fr\\\/\",\"name\":\"Eric\",\"description\":\"Auteur Nomade Cam\u00e9l\u00e9on\",\"potentialAction\":[{\"@type\":\"SearchAction\",\"target\":{\"@type\":\"EntryPoint\",\"urlTemplate\":\"https:\\\/\\\/www.eric-alonso.fr\\\/?s={search_term_string}\"},\"query-input\":{\"@type\":\"PropertyValueSpecification\",\"valueRequired\":true,\"valueName\":\"search_term_string\"}}],\"inLanguage\":\"fr-FR\"}]}<\/script>\n<!-- \/ Yoast SEO plugin. -->","yoast_head_json":{"title":"Accueil - Eric","robots":{"index":"index","follow":"follow","max-snippet":"max-snippet:-1","max-image-preview":"max-image-preview:large","max-video-preview":"max-video-preview:-1"},"canonical":"https:\/\/www.eric-alonso.fr\/","og_locale":"fr_FR","og_type":"article","og_title":"Accueil - Eric","og_description":"Bonjour \u00e0 tous et bienvenue dans mon univers ! Vous \u00eates sur le point de d\u00e9couvrir un voyage litt\u00e9raire comme aucun autre !\u00a0\u00a0Depuis des ann\u00e9es, je suis litt\u00e9ralement \u00ab\u00a0obs\u00e9d\u00e9\u00a0\u00bb par l\u2019\u00e9criture. J\u2019ai plus de dix projets d\u00e9j\u00e0 bien structur\u00e9s, et enfin, le moment est venu de partager avec vous mes toutes premi\u00e8res publications !\u00a0 Dans deux mois, mes deux premiers romans seront entre vos mains, et je suis en pleine effervescence ! Les manuscrits sont boucl\u00e9s, la relecture touche \u00e0 sa fin, et tr\u00e8s bient\u00f4t, je vous r\u00e9v\u00e9lerai les couvertures&#8230;Mais ce n&rsquo;est pas tout ! Vous aurez aussi droit aux descriptions des histoires et aux quatri\u00e8mes de couverture, pour plonger directement dans l&rsquo;univers de chaque livre.\u00a0 Mon premier roman est une \u00ab\u00a0romance contemporaine\u00a0\u00bb, un m\u00e9lange parfait entre amour et d\u00e9veloppement personnel. Pr\u00e9parez-vous \u00e0 une exp\u00e9rience \u00e9motive et inspirante !Quant au deuxi\u00e8me, c\u2019est un \u00ab\u00a0thriller psychologique palpitant\u00a0\u00bb, m\u00eal\u00e9 \u00e0 une aventure intense sur les sentiers escarp\u00e9s du GR20 en Corse. Drame familial et suspense garanti !\u00a0 Et ce n&rsquo;est que le d\u00e9but ! Chaque jour, une nouvelle id\u00e9e de roman surgit dans mon esprit, et j\u2019ai d\u00e9j\u00e0 une vingtaine de projets qui bouillonnent, dans des genres totalement diff\u00e9rents.\u00a0 Je partagerai ici r\u00e9guli\u00e8rement mes ouvrages, mes inspirations, mes voyages, et tout ce qui me pousse \u00e0 cr\u00e9er. Alors, accrochez-vous bien, parce que cette aventure ne fait que commencer, et je vous embarque avec moi !\u00a0 Merci \u00e0 tous pour votre soutien, votre enthousiasme et votre \u00e9nergie !\u00a0\u00a0On se lance ensemble dans une aventure litt\u00e9raire inoubliable !\u00a0","og_url":"https:\/\/www.eric-alonso.fr\/","og_site_name":"Eric","article_modified_time":"2025-04-12T17:30:43+00:00","og_image":[{"width":2560,"height":1440,"url":"https:\/\/www.eric-alonso.fr\/wp-content\/uploads\/2024\/09\/IMG_20240606_072441-scaled.jpg","type":"image\/jpeg"}],"twitter_card":"summary_large_image","twitter_misc":{"Dur\u00e9e de lecture estim\u00e9e":"3 minutes"},"schema":{"@context":"https:\/\/schema.org","@graph":[{"@type":"WebPage","@id":"https:\/\/www.eric-alonso.fr\/","url":"https:\/\/www.eric-alonso.fr\/","name":"Accueil - Eric","isPartOf":{"@id":"https:\/\/www.eric-alonso.fr\/#website"},"primaryImageOfPage":{"@id":"https:\/\/www.eric-alonso.fr\/#primaryimage"},"image":{"@id":"https:\/\/www.eric-alonso.fr\/#primaryimage"},"thumbnailUrl":"https:\/\/www.eric-alonso.fr\/wp-content\/uploads\/2024\/09\/IMG_20240606_072441-scaled.jpg","datePublished":"2025-04-10T14:52:19+00:00","dateModified":"2025-04-12T17:30:43+00:00","breadcrumb":{"@id":"https:\/\/www.eric-alonso.fr\/#breadcrumb"},"inLanguage":"fr-FR","potentialAction":[{"@type":"ReadAction","target":["https:\/\/www.eric-alonso.fr\/"]}]},{"@type":"ImageObject","inLanguage":"fr-FR","@id":"https:\/\/www.eric-alonso.fr\/#primaryimage","url":"https:\/\/www.eric-alonso.fr\/wp-content\/uploads\/2024\/09\/IMG_20240606_072441-scaled.jpg","contentUrl":"https:\/\/www.eric-alonso.fr\/wp-content\/uploads\/2024\/09\/IMG_20240606_072441-scaled.jpg","width":2560,"height":1440},{"@type":"BreadcrumbList","@id":"https:\/\/www.eric-alonso.fr\/#breadcrumb","itemListElement":[{"@type":"ListItem","position":1,"name":"Accueil","item":"https:\/\/www.eric-alonso.fr\/"},{"@type":"ListItem","position":2,"name":"Accueil"}]},{"@type":"WebSite","@id":"https:\/\/www.eric-alonso.fr\/#website","url":"https:\/\/www.eric-alonso.fr\/","name":"Eric","description":"Auteur Nomade Cam\u00e9l\u00e9on","potentialAction":[{"@type":"SearchAction","target":{"@type":"EntryPoint","urlTemplate":"https:\/\/www.eric-alonso.fr\/?s={search_term_string}"},"query-input":{"@type":"PropertyValueSpecification","valueRequired":true,"valueName":"search_term_string"}}],"inLanguage":"fr-FR"}]}},"_links":{"self":[{"href":"https:\/\/www.eric-alonso.fr\/index.php\/wp-json\/wp\/v2\/pages\/2","targetHints":{"allow":["GET"]}}],"collection":[{"href":"https:\/\/www.eric-alonso.fr\/index.php\/wp-json\/wp\/v2\/pages"}],"about":[{"href":"https:\/\/www.eric-alonso.fr\/index.php\/wp-json\/wp\/v2\/types\/page"}],"author":[{"embeddable":true,"href":"https:\/\/www.eric-alonso.fr\/index.php\/wp-json\/wp\/v2\/users\/1"}],"replies":[{"embeddable":true,"href":"https:\/\/www.eric-alonso.fr\/index.php\/wp-json\/wp\/v2\/comments?post=2"}],"version-history":[{"count":5,"href":"https:\/\/www.eric-alonso.fr\/index.php\/wp-json\/wp\/v2\/pages\/2\/revisions"}],"predecessor-version":[{"id":522,"href":"https:\/\/www.eric-alonso.fr\/index.php\/wp-json\/wp\/v2\/pages\/2\/revisions\/522"}],"wp:featuredmedia":[{"embeddable":true,"href":"https:\/\/www.eric-alonso.fr\/index.php\/wp-json\/wp\/v2\/media\/448"}],"wp:attachment":[{"href":"https:\/\/www.eric-alonso.fr\/index.php\/wp-json\/wp\/v2\/media?parent=2"}],"curies":[{"name":"wp","href":"https:\/\/api.w.org\/{rel}","templated":true}]}}